{"id":16,"date":"2013-05-30T13:57:44","date_gmt":"2013-05-30T10:57:44","guid":{"rendered":"http:\/\/localhost\/wordpress\/?page_id=16"},"modified":"2017-08-10T17:44:02","modified_gmt":"2017-08-10T14:44:02","slug":"hakkimizda","status":"publish","type":"page","link":"https:\/\/www.c-ertac.com\/?page_id=16","title":{"rendered":"hakkimizda"},"content":{"rendered":"<p>Korg serisi i\u00e7in ba\u015flad\u0131\u011f\u0131m\u0131z k\u00fct\u00fcphane \u00e7al\u0131\u015fmalar\u0131m\u0131z<br \/>\na\u015fa\u011f\u0131da ki tarih s\u0131ralamas\u0131n\u0131 izlemektedir;<br \/>\n1-Best of Turkish(Can Elektronik \u00e7al\u0131\u015fmas\u0131-Ritm \u00e7al\u0131\u015fmalar\u0131 ve editlemeler)<br \/>\n2-EXB-Turk (Can Elektronik \u00e7al\u0131\u015fmas\u0131-Ritm \u00e7al\u0131\u015fmalar\u0131 ve editlemeler)<br \/>\n3-Korg Pa 55 Tr (Can Elektronik \u00e7al\u0131\u015fmas\u0131-Ritm \u00e7al\u0131\u015fmalar\u0131 ve editlemeler)<br \/>\n4-Usb-Turk(Can Elektronik \u00e7al\u0131\u015fmas\u0131-Ritm \u00e7al\u0131\u015fmalar\u0131 ve editlemeler)<br \/>\n5-(CE) USb (PA 800 i\u00e7in tamamen kendi \u00e7al\u0131\u015fmam\u0131z)<br \/>\n6-(CE) Exb(Korg pa2x ve Korg pa 800 modelleri i\u00e7in )<br \/>\n7-(CE) 3X.SET (KOrg pa 3x i\u00e7in d\u00fcnyada ve T\u00fcrkiye de ilk \u00f6zel \u00e7al\u0131\u015fma)<br \/>\n8-KORGTR10 (Can elektonik \u00e7at\u0131s\u0131 alt\u0131nda Korg pa 600 QT modeli i\u00e7in Samplelar ve full editing ayn\u0131 zaman Global QT modeli i\u00e7in Korg Markas\u0131na direkt destek)<br \/>\n9-KORGTR11 (Can elektonik \u00e7at\u0131s\u0131 alt\u0131nda Korg pa 900 modeli i\u00e7in Samplelar ve full editing)<br \/>\n10-CE_KROME Synth Pocket: Korg KROME modelleri i\u00e7in 32mb boyutunda sampler paketler<br \/>\n*CE_KROME DVL&#8212;-BAss&amp;Davul kullanan m\u00fczisyenler i\u00e7in haz\u0131rlanm\u0131\u015f performans datalar\u0131<br \/>\n*CE_KROME SYN&#8212;-Canl\u0131 performans kullan\u0131c\u0131lar\u0131n\u0131n ihtiyac\u0131 olan g\u00fc\u00e7l\u00fc ve kullan\u0131\u015fl\u0131 synthsizer soundlar\u0131<br \/>\n11-KORGTR12(Can elektonik \u00e7at\u0131s\u0131 alt\u0131nda Korg Pa3XLe\u00a0modeli i\u00e7in Samplelar ve full editing)<br \/>\n12-KORGTR13(Can elektonik \u00e7at\u0131s\u0131 alt\u0131nda Korg Pa4X\u00a0modeli i\u00e7in Samplelar ve full editing-Pa4XOR modeli i\u00e7in Korg Markas\u0131na direkt detek)<\/p>\n<p>Yak\u0131n gelecekte yeni jenerasyon Korg markalar\u0131 ile devam edecek bir tak\u0131m haz\u0131rl\u0131klar\u0131m\u0131z<br \/>\ns\u00fcr\u00fcyor.<br \/>\nAlan\u0131nda s\u00fcrekli yenilenmeyi,g\u00fcne ayak uydurup geleneksel m\u00fczikal<br \/>\nk\u00fclt\u00fcr\u00fcm\u00fczden uzakla\u015fmadan g\u00fcndemi takip etmeyi g\u00f6rev saym\u0131\u015f ve ufkumuzu s\u00fcrekli<br \/>\nilerletme \u00e7abas\u0131 i\u00e7erisinde,kaliteden \u00f6d\u00fcn vermeyen bir anlay\u0131\u015f ile kullan\u0131c\u0131lar\u0131m\u0131z\u0131n<br \/>\nistekleri do\u011frultusunda hizmet vermekteyiz.<\/p>\n<p>\u00dcstelik art\u0131k <em><strong>ETHNAUDIO<\/strong><\/em> markam\u0131z ile persfektifimiz art\u0131k VST Instrument d\u00fcnyas\u0131na bak\u0131yor&#8230;.<\/p>\n<p>(CE) Sound Boards<\/p>\n","protected":false},"excerpt":{"rendered":"<p>Korg serisi i\u00e7in ba\u015flad\u0131\u011f\u0131m\u0131z k\u00fct\u00fcphane \u00e7al\u0131\u015fmalar\u0131m\u0131z a\u015fa\u011f\u0131da ki tarih s\u0131ralamas\u0131n\u0131 izlemektedir; 1-Best of Turkish(Can Elektronik \u00e7al\u0131\u015fmas\u0131-Ritm \u00e7al\u0131\u015fmalar\u0131 ve editlemeler) 2-EXB-Turk (Can Elektronik \u00e7al\u0131\u015fmas\u0131-Ritm \u00e7al\u0131\u015fmalar\u0131 ve editlemeler) 3-Korg Pa 55 Tr (Can Elektronik \u00e7al\u0131\u015fmas\u0131-Ritm \u00e7al\u0131\u015fmalar\u0131 ve editlemeler) 4-Usb-Turk(Can Elektronik \u00e7al\u0131\u015fmas\u0131-Ritm \u00e7al\u0131\u015fmalar\u0131 ve editlemeler) 5-(CE) USb (PA 800 i\u00e7in tamamen kendi \u00e7al\u0131\u015fmam\u0131z) 6-(CE) Exb(Korg pa2x ve Korg [&hellip;]<\/p>\n","protected":false},"author":1,"featured_media":0,"parent":0,"menu_order":0,"comment_status":"open","ping_status":"open","template":"","meta":[],"_links":{"self":[{"href":"https:\/\/www.c-ertac.com\/index.php?rest_route=\/wp\/v2\/pages\/16"}],"collection":[{"href":"https:\/\/www.c-ertac.com\/index.php?rest_route=\/wp\/v2\/pages"}],"about":[{"href":"https:\/\/www.c-ertac.com\/index.php?rest_route=\/wp\/v2\/types\/page"}],"author":[{"embeddable":true,"href":"https:\/\/www.c-ertac.com\/index.php?rest_route=\/wp\/v2\/users\/1"}],"replies":[{"embeddable":true,"href":"https:\/\/www.c-ertac.com\/index.php?rest_route=%2Fwp%2Fv2%2Fcomments&post=16"}],"version-history":[{"count":6,"href":"https:\/\/www.c-ertac.com\/index.php?rest_route=\/wp\/v2\/pages\/16\/revisions"}],"predecessor-version":[{"id":428,"href":"https:\/\/www.c-ertac.com\/index.php?rest_route=\/wp\/v2\/pages\/16\/revisions\/428"}],"wp:attachment":[{"href":"https:\/\/www.c-ertac.com\/index.php?rest_route=%2Fwp%2Fv2%2Fmedia&parent=16"}],"curies":[{"name":"wp","href":"https:\/\/api.w.org\/{rel}","templated":true}]}}