{"id":226,"date":"2013-06-28T12:30:38","date_gmt":"2013-06-28T09:30:38","guid":{"rendered":"http:\/\/www.c-ertac.com\/?page_id=226"},"modified":"2014-02-27T12:46:07","modified_gmt":"2014-02-27T10:46:07","slug":"korg-pa-900","status":"publish","type":"page","link":"https:\/\/www.c-ertac.com\/?page_id=226","title":{"rendered":"Korg PA 900"},"content":{"rendered":"<p><a href=\"http:\/\/www.c-ertac.com\/wp-content\/uploads\/2013\/06\/USA_Pa900_4.png\"><img decoding=\"async\" loading=\"lazy\" class=\"alignnone size-medium wp-image-225\" alt=\"USA_Pa900_4\" src=\"http:\/\/www.c-ertac.com\/wp-content\/uploads\/2013\/06\/USA_Pa900_4-300x120.png\" width=\"300\" height=\"120\" srcset=\"http:\/\/c-ertac.com\/wp-content\/uploads\/2013\/06\/USA_Pa900_4-300x120.png 300w, http:\/\/c-ertac.com\/wp-content\/uploads\/2013\/06\/USA_Pa900_4.png 1000w\" sizes=\"(max-width: 300px) 100vw, 300px\" \/><\/a><\/p>\n<p><a href=\"http:\/\/www.c-ertac.com\/wp-content\/uploads\/2013\/06\/USA_Pa900_5.png\"><img decoding=\"async\" loading=\"lazy\" class=\"alignnone size-medium wp-image-224\" alt=\"USA_Pa900_5\" src=\"http:\/\/www.c-ertac.com\/wp-content\/uploads\/2013\/06\/USA_Pa900_5-300x120.png\" width=\"300\" height=\"120\" srcset=\"http:\/\/c-ertac.com\/wp-content\/uploads\/2013\/06\/USA_Pa900_5-300x120.png 300w, http:\/\/c-ertac.com\/wp-content\/uploads\/2013\/06\/USA_Pa900_5.png 1000w\" sizes=\"(max-width: 300px) 100vw, 300px\" \/><\/a><\/p>\n<p>&nbsp;<\/p>\n<h2>Pa900<\/h2>\n<p><span style=\"font-family: arial; font-size: small;\"><span style=\"font-family: arial; font-size: small;\"><b>Profesyonel Aranj\u00f6r<\/b><\/span><\/span><\/p>\n<p>Korg Pa serisinde pa800 kodun devam\u0131 niteli\u011finde ki Pa900 yeni jenerasyon ses motoru ve teknolojisi ile<\/p>\n<p>daha h\u0131zl\u0131 ve daha yetenekli&#8230;.<\/p>\n<p><i>Fabrika soundlar\u0131 art\u0131k iki kat fazla,\u00e7itf mp3 \u00e7alar ve recorder vocal harmonayz\u0131r standart.<\/i><\/p>\n<p>Art\u0131k kullan\u0131c\u0131 sample alan\u0131 192mb.<\/p>\n<p><b>Pa900 \u00d6zellikleri<\/b><\/p>\n<ul>\n<li>Enhanced RX (Real eXperience) sound engine<\/li>\n<li>Massive internal ROM;<\/li>\n<li>Three assignable switches , (DNC \u2013 Defined Nuance Control)<\/li>\n<li>61 yar\u0131 a\u011f\u0131rla\u015ft\u0131r\u0131lmu\u015f tu\u015fe<\/li>\n<li>Daha ince ve \u015f\u0131k tasar\u0131ml\u0131 yeni kasa<\/li>\n<li>Improved Style and Performance selection; over 400 factory Styles, each with 4 variations and 4 Fill Ins + Break, plus 15 user banks for nearly-limitsiz user style kapasitesi&#8230;.<\/li>\n<li>Enhanced Guitar Mode 2 for even more realistic guitar parts<\/li>\n<li>Chord Sequencer function records any chord progression on-the-fly<\/li>\n<li>4 Stereo Master Effects (125 FX Types) + 2 Global Effects (Limiter, EQ)<\/li>\n<li>TC Helicon 3-voice Vocal Processor with 4 dedicated effects<\/li>\n<li>Double MP3\/MIDI file players with recording capability, X-Fader and Vocal Remover<\/li>\n<li>Enhanced compatibility with lyrics in graphical format (+G) for MP3<\/li>\n<li>Enhanced sound compatibility for GM and GS songs<\/li>\n<li>Fully-programmable SongBook database based on Styles, SMF, Karaoke, MP3 with instant recall of any song setting. User-definable custom lists. Filtering and ordering options.<\/li>\n<li>Multi-language extended character set. Lyrics can be showed in their original languages (except the Oriental and the Arabic Languages*).<\/li>\n<li>New SoundFont import function<\/li>\n<li>Mass Storage with Micro SD<\/li>\n<li>Demolar yay\u0131nda<\/li>\n<li><a href=\"https:\/\/soundcloud.com\/ce-sound-boards\">https:\/\/soundcloud.com\/ce-sound-boards<\/a><\/li>\n<\/ul>\n<p>&nbsp;<\/p>\n","protected":false},"excerpt":{"rendered":"<p>&nbsp; Pa900 Profesyonel Aranj\u00f6r Korg Pa serisinde pa800 kodun devam\u0131 niteli\u011finde ki Pa900 yeni jenerasyon ses motoru ve teknolojisi ile daha h\u0131zl\u0131 ve daha yetenekli&#8230;. Fabrika soundlar\u0131 art\u0131k iki kat fazla,\u00e7itf mp3 \u00e7alar ve recorder vocal harmonayz\u0131r standart. Art\u0131k kullan\u0131c\u0131 sample alan\u0131 192mb. Pa900 \u00d6zellikleri Enhanced RX (Real eXperience) sound engine Massive internal ROM; Three [&hellip;]<\/p>\n","protected":false},"author":1,"featured_media":0,"parent":0,"menu_order":0,"comment_status":"open","ping_status":"open","template":"","meta":[],"_links":{"self":[{"href":"https:\/\/www.c-ertac.com\/index.php?rest_route=\/wp\/v2\/pages\/226"}],"collection":[{"href":"https:\/\/www.c-ertac.com\/index.php?rest_route=\/wp\/v2\/pages"}],"about":[{"href":"https:\/\/www.c-ertac.com\/index.php?rest_route=\/wp\/v2\/types\/page"}],"author":[{"embeddable":true,"href":"https:\/\/www.c-ertac.com\/index.php?rest_route=\/wp\/v2\/users\/1"}],"replies":[{"embeddable":true,"href":"https:\/\/www.c-ertac.com\/index.php?rest_route=%2Fwp%2Fv2%2Fcomments&post=226"}],"version-history":[{"count":8,"href":"https:\/\/www.c-ertac.com\/index.php?rest_route=\/wp\/v2\/pages\/226\/revisions"}],"predecessor-version":[{"id":291,"href":"https:\/\/www.c-ertac.com\/index.php?rest_route=\/wp\/v2\/pages\/226\/revisions\/291"}],"wp:attachment":[{"href":"https:\/\/www.c-ertac.com\/index.php?rest_route=%2Fwp%2Fv2%2Fmedia&parent=226"}],"curies":[{"name":"wp","href":"https:\/\/api.w.org\/{rel}","templated":true}]}}