{"id":272,"date":"2014-02-26T20:37:29","date_gmt":"2014-02-26T18:37:29","guid":{"rendered":"http:\/\/www.c-ertac.com\/?page_id=272"},"modified":"2017-05-09T14:40:45","modified_gmt":"2017-05-09T11:40:45","slug":"ce_krome","status":"publish","type":"page","link":"https:\/\/www.c-ertac.com\/?page_id=272","title":{"rendered":"ce_krome"},"content":{"rendered":"<p><a href=\"http:\/\/www.c-ertac.com\/wp-content\/uploads\/2014\/02\/zOpt_KROME_73_pers.jpeg\"><img decoding=\"async\" loading=\"lazy\" class=\"alignnone size-medium wp-image-286\" src=\"http:\/\/www.c-ertac.com\/wp-content\/uploads\/2014\/02\/zOpt_KROME_73_pers-300x75.jpeg\" alt=\"zOpt_KROME_73_pers\" width=\"300\" height=\"75\" srcset=\"http:\/\/c-ertac.com\/wp-content\/uploads\/2014\/02\/zOpt_KROME_73_pers-300x75.jpeg 300w, http:\/\/c-ertac.com\/wp-content\/uploads\/2014\/02\/zOpt_KROME_73_pers.jpeg 640w\" sizes=\"(max-width: 300px) 100vw, 300px\" \/><\/a> <a href=\"http:\/\/www.c-ertac.com\/wp-content\/uploads\/2014\/02\/zOpt_KROME_73_top.jpeg\"><img decoding=\"async\" loading=\"lazy\" class=\"alignnone size-medium wp-image-287\" src=\"http:\/\/www.c-ertac.com\/wp-content\/uploads\/2014\/02\/zOpt_KROME_73_top-300x80.jpeg\" alt=\"zOpt_KROME_73_top\" width=\"300\" height=\"80\" srcset=\"http:\/\/c-ertac.com\/wp-content\/uploads\/2014\/02\/zOpt_KROME_73_top-300x80.jpeg 300w, http:\/\/c-ertac.com\/wp-content\/uploads\/2014\/02\/zOpt_KROME_73_top.jpeg 640w\" sizes=\"(max-width: 300px) 100vw, 300px\" \/><\/a><img decoding=\"async\" loading=\"lazy\" class=\"alignnone size-medium wp-image-279\" src=\"http:\/\/www.c-ertac.com\/wp-content\/uploads\/2014\/02\/Krome-300x120.png\" alt=\"Krome\" width=\"300\" height=\"120\" \/><\/p>\n<p>CE_Krome Bass Davul ve Turk Sesleri Paketleri.<\/p>\n<p>&#8211;<strong>CE_Krome Bass Davul ;<\/strong><\/p>\n<p>32 mb&#8217;l\u0131k Bass,Perkusyon,Combi-Program dahil editlenmi\u015f performanslar bar\u0131nd\u0131r.Sahne de Bass&amp;Davul performans\u0131 arzulayan klavyeciler i\u00e7in \u00e7ok kaliteli sample&#8217;lardan olu\u015fan \u00f6zel bir set&#8217;dir.<\/p>\n<p>&#8211;<strong>CE_Krome Turk Sesleri ;<\/strong><\/p>\n<p>32 mb&#8217;l\u0131k T\u00fcrk sazlar\u0131 i\u00e7eren ,ayr\u0131ca g\u00fc\u00e7l\u00fc synth-Lead sesler bar\u0131nd\u0131ran paketimiz.<\/p>\n<p>\u0130\u00e7erisinde<\/p>\n<p>Ud,Kanun,Mey,Ney,Kaval,Zurnalar,Akustrik baglamalar,elektro ba\u011flamalar,yayl\u0131 Grup samplelar\u0131 bar\u0131nd\u0131r.<\/p>\n<p>&nbsp;<\/p>\n<p>Yukar\u0131da ki setler SD card i\u00e7erisinde sunulur.Birbirinden ba\u011f\u0131ms\u0131z \u00e7al\u0131\u015fmalard\u0131r&#8230;.<\/p>\n<p>Sipari\u015f i\u00e7in<\/p>\n<p><a href=\"http:\/\/www.c-ertac.com\/?attachment_id=415\" rel=\"attachment wp-att-415\"><img decoding=\"async\" loading=\"lazy\" class=\"alignnone size-medium wp-image-415\" src=\"http:\/\/www.c-ertac.com\/wp-content\/uploads\/2013\/05\/WhatsApp_Logo_7-e1494328664123-300x232.png\" alt=\"WhatsApp_Logo_7\" width=\"80\" height=\"70\" \/><\/a>\u00a0+ 90 533 654 97 46 &#8216;dan ileti\u015fime ge\u00e7ebilirisiniz&#8230;<\/p>\n<p>&nbsp;<\/p>\n<p>Demolar:<\/p>\n<p><iframe loading=\"lazy\" width=\"500\" height=\"281\" src=\"https:\/\/www.youtube.com\/embed\/WwV8SimFTtY?feature=oembed\" frameborder=\"0\" allowfullscreen><\/iframe><\/p>\n","protected":false},"excerpt":{"rendered":"<p>CE_Krome Bass Davul ve Turk Sesleri Paketleri. &#8211;CE_Krome Bass Davul ; 32 mb&#8217;l\u0131k Bass,Perkusyon,Combi-Program dahil editlenmi\u015f performanslar bar\u0131nd\u0131r.Sahne de Bass&amp;Davul performans\u0131 arzulayan klavyeciler i\u00e7in \u00e7ok kaliteli sample&#8217;lardan olu\u015fan \u00f6zel bir set&#8217;dir. &#8211;CE_Krome Turk Sesleri ; 32 mb&#8217;l\u0131k T\u00fcrk sazlar\u0131 i\u00e7eren ,ayr\u0131ca g\u00fc\u00e7l\u00fc synth-Lead sesler bar\u0131nd\u0131ran paketimiz. \u0130\u00e7erisinde Ud,Kanun,Mey,Ney,Kaval,Zurnalar,Akustrik baglamalar,elektro ba\u011flamalar,yayl\u0131 Grup samplelar\u0131 bar\u0131nd\u0131r. &nbsp; Yukar\u0131da [&hellip;]<\/p>\n","protected":false},"author":1,"featured_media":0,"parent":0,"menu_order":0,"comment_status":"open","ping_status":"open","template":"","meta":[],"_links":{"self":[{"href":"https:\/\/www.c-ertac.com\/index.php?rest_route=\/wp\/v2\/pages\/272"}],"collection":[{"href":"https:\/\/www.c-ertac.com\/index.php?rest_route=\/wp\/v2\/pages"}],"about":[{"href":"https:\/\/www.c-ertac.com\/index.php?rest_route=\/wp\/v2\/types\/page"}],"author":[{"embeddable":true,"href":"https:\/\/www.c-ertac.com\/index.php?rest_route=\/wp\/v2\/users\/1"}],"replies":[{"embeddable":true,"href":"https:\/\/www.c-ertac.com\/index.php?rest_route=%2Fwp%2Fv2%2Fcomments&post=272"}],"version-history":[{"count":10,"href":"https:\/\/www.c-ertac.com\/index.php?rest_route=\/wp\/v2\/pages\/272\/revisions"}],"predecessor-version":[{"id":426,"href":"https:\/\/www.c-ertac.com\/index.php?rest_route=\/wp\/v2\/pages\/272\/revisions\/426"}],"wp:attachment":[{"href":"https:\/\/www.c-ertac.com\/index.php?rest_route=%2Fwp%2Fv2%2Fmedia&parent=272"}],"curies":[{"name":"wp","href":"https:\/\/api.w.org\/{rel}","templated":true}]}}