{"id":310,"date":"2014-03-27T12:56:42","date_gmt":"2014-03-27T10:56:42","guid":{"rendered":"http:\/\/www.c-ertac.com\/?page_id=310"},"modified":"2014-03-27T12:59:24","modified_gmt":"2014-03-27T10:59:24","slug":"korg-tr-11-video-demo","status":"publish","type":"page","link":"https:\/\/www.c-ertac.com\/?page_id=310","title":{"rendered":"korg TR-11 video demo"},"content":{"rendered":"<p><a href=\"http:\/\/www.youtube.com\/watch?v=SNTaZl26weE\" target=\"_blank\">Pa900-KorgTR.SET Demolar By (CE) Sound Boards 1.B\u00f6l\u00fcm<\/a><\/p>\n<p><a href=\"http:\/\/www.youtube.com\/watch?v=sxOV4Dcg_Xo\" target=\"_blank\">Pa900-KorgTR.SET Demolar By (CE) Sound Boards 2.B\u00f6l\u00fcm<\/a><\/p>\n","protected":false},"excerpt":{"rendered":"<p>Pa900-KorgTR.SET Demolar By (CE) Sound Boards 1.B\u00f6l\u00fcm Pa900-KorgTR.SET Demolar By (CE) Sound Boards 2.B\u00f6l\u00fcm<\/p>\n","protected":false},"author":1,"featured_media":0,"parent":0,"menu_order":0,"comment_status":"open","ping_status":"open","template":"","meta":[],"_links":{"self":[{"href":"https:\/\/www.c-ertac.com\/index.php?rest_route=\/wp\/v2\/pages\/310"}],"collection":[{"href":"https:\/\/www.c-ertac.com\/index.php?rest_route=\/wp\/v2\/pages"}],"about":[{"href":"https:\/\/www.c-ertac.com\/index.php?rest_route=\/wp\/v2\/types\/page"}],"author":[{"embeddable":true,"href":"https:\/\/www.c-ertac.com\/index.php?rest_route=\/wp\/v2\/users\/1"}],"replies":[{"embeddable":true,"href":"https:\/\/www.c-ertac.com\/index.php?rest_route=%2Fwp%2Fv2%2Fcomments&post=310"}],"version-history":[{"count":4,"href":"https:\/\/www.c-ertac.com\/index.php?rest_route=\/wp\/v2\/pages\/310\/revisions"}],"predecessor-version":[{"id":315,"href":"https:\/\/www.c-ertac.com\/index.php?rest_route=\/wp\/v2\/pages\/310\/revisions\/315"}],"wp:attachment":[{"href":"https:\/\/www.c-ertac.com\/index.php?rest_route=%2Fwp%2Fv2%2Fmedia&parent=310"}],"curies":[{"name":"wp","href":"https:\/\/api.w.org\/{rel}","templated":true}]}}