{"id":40,"date":"2013-05-30T18:40:17","date_gmt":"2013-05-30T15:40:17","guid":{"rendered":"http:\/\/localhost\/wordpress\/?page_id=40"},"modified":"2017-09-29T15:08:08","modified_gmt":"2017-09-29T12:08:08","slug":"ce-usb-set","status":"publish","type":"page","link":"https:\/\/www.c-ertac.com\/?page_id=40","title":{"rendered":"(CE) Usb-Pa800-2x"},"content":{"rendered":"<p><a href=\"http:\/\/www.c-ertac.com\/wp-content\/uploads\/2013\/06\/wpid-IMG_20130612_152240.jpg\"><img decoding=\"async\" class=\"alignnone size-full\" title=\"IMG_20130612_152240.jpg\" src=\"http:\/\/www.c-ertac.com\/wp-content\/uploads\/2013\/06\/wpid-IMG_20130612_152240.jpg\" alt=\"image\" \/><\/a><\/p>\n<p>(CE)usb.SET 2008 y\u0131l\u0131nda kullan\u0131c\u0131lar\u0131n be\u011fenisine sunulmus ve hala aktif olarak kullan\u0131c\u0131lar\u0131 mevcuttur.<br \/>\nSat\u0131\u015f\u0131 ise guncellemenin bittigi 2012 y\u0131l\u0131nda sonlanm\u0131\u015ft\u0131r.<br \/>\n61mb kapasitesinde olup 17 kez update edilmi\u015ftir.Ta ki favorite bankalar\u0131 dolana kadar devam edilmi\u015ftir.Kilitli usb \u00e7al\u0131\u015fmalar aras\u0131nda bu kadar update yap\u0131lan ilk ve tek \u00e7al\u0131\u015fmad\u0131r.<br \/>\n\u015eu an aktif olarak piyasada bulunan (CE)EXB,3X.SET datam\u0131z ise rekorlar k\u0131rmaya devam ediyor.<br \/>\nUpdatelerde kullan\u0131c\u0131lar taraf\u0131ndan talep edilen style ve performanslar,padler STS ayarlar\u0131 belirli ve standart aral\u0131klarla yenilenmi\u015f ve eklemeler yap\u0131lm\u0131\u015ft\u0131r.<br \/>\n(CE) SOUND BOARDS olarak her \u00e7al\u0131\u015fmam\u0131zda oldu\u011fu gibi m\u00fc\u015fteri memnuniyeti ve update k\u00fclt\u00fcr\u00fcn\u00fc kazand\u0131rm\u0131\u015f olman\u0131n hakl\u0131 gururunu ta\u015f\u0131yoruz.<\/p>\n","protected":false},"excerpt":{"rendered":"<p>(CE)usb.SET 2008 y\u0131l\u0131nda kullan\u0131c\u0131lar\u0131n be\u011fenisine sunulmus ve hala aktif olarak kullan\u0131c\u0131lar\u0131 mevcuttur. Sat\u0131\u015f\u0131 ise guncellemenin bittigi 2012 y\u0131l\u0131nda sonlanm\u0131\u015ft\u0131r. 61mb kapasitesinde olup 17 kez update edilmi\u015ftir.Ta ki favorite bankalar\u0131 dolana kadar devam edilmi\u015ftir.Kilitli usb \u00e7al\u0131\u015fmalar aras\u0131nda bu kadar update yap\u0131lan ilk ve tek \u00e7al\u0131\u015fmad\u0131r. \u015eu an aktif olarak piyasada bulunan (CE)EXB,3X.SET datam\u0131z ise rekorlar k\u0131rmaya [&hellip;]<\/p>\n","protected":false},"author":1,"featured_media":0,"parent":0,"menu_order":0,"comment_status":"open","ping_status":"open","template":"","meta":[],"_links":{"self":[{"href":"https:\/\/www.c-ertac.com\/index.php?rest_route=\/wp\/v2\/pages\/40"}],"collection":[{"href":"https:\/\/www.c-ertac.com\/index.php?rest_route=\/wp\/v2\/pages"}],"about":[{"href":"https:\/\/www.c-ertac.com\/index.php?rest_route=\/wp\/v2\/types\/page"}],"author":[{"embeddable":true,"href":"https:\/\/www.c-ertac.com\/index.php?rest_route=\/wp\/v2\/users\/1"}],"replies":[{"embeddable":true,"href":"https:\/\/www.c-ertac.com\/index.php?rest_route=%2Fwp%2Fv2%2Fcomments&post=40"}],"version-history":[{"count":9,"href":"https:\/\/www.c-ertac.com\/index.php?rest_route=\/wp\/v2\/pages\/40\/revisions"}],"predecessor-version":[{"id":478,"href":"https:\/\/www.c-ertac.com\/index.php?rest_route=\/wp\/v2\/pages\/40\/revisions\/478"}],"wp:attachment":[{"href":"https:\/\/www.c-ertac.com\/index.php?rest_route=%2Fwp%2Fv2%2Fmedia&parent=40"}],"curies":[{"name":"wp","href":"https:\/\/api.w.org\/{rel}","templated":true}]}}