{"id":42,"date":"2013-05-30T18:40:56","date_gmt":"2013-05-30T15:40:56","guid":{"rendered":"http:\/\/localhost\/wordpress\/?page_id=42"},"modified":"2017-09-29T14:57:03","modified_gmt":"2017-09-29T11:57:03","slug":"yeni-set-2","status":"publish","type":"page","link":"https:\/\/www.c-ertac.com\/?page_id=42","title":{"rendered":"KorgTR10-Pa600qt"},"content":{"rendered":"<p><strong>Korg TR10<\/strong> kodlu MicroSD kart Korg T\u00fcrkiye Distrib\u00fct\u00f6r\u00fc \u00e7at\u0131s\u0131 alt\u0131nda yapm\u0131\u015f oldu\u011fumuz bir SET \u00e7al\u0131\u015fmas\u0131d\u0131r.<br \/>\nBu kart ile www.korgpaturkiye.com adresinden indirmi\u015f oldu\u011funuz Pa600-KorgTR.SET datas\u0131n\u0131n kilit sistemini<br \/>\na\u00e7arak kullanabilmenize yard\u0131mc\u0131 olur.<br \/>\nBu kart i\u00e7erisinde ki datalara haz\u0131rlan\u0131rken(CE)Sound Boards olarak sample data \u00e7al\u0131\u015fmalar\u0131 taraf\u0131m\u0131zdan ilertilmi\u015ftir.<br \/>\nRitm \u00e7al\u0131\u015fmalar\u0131nda sekt\u00f6r\u00fcm\u00fcz\u00fcn \u00f6nemli isimleri projeye desteklerini sunmu\u015flard\u0131r.<br \/>\n<strong>82mb<\/strong> boyutunda olan bu datada T\u00fcrk m\u00fczik enstruman ve perkusyon datalar\u0131n\u0131n yan\u0131nda,bat\u0131 m\u00fczi\u011fi synth ve groove soundlarada yer verilmi\u015ftir.Yurt d\u0131\u015f\u0131 kullan\u0131c\u0131lar\u0131 i\u00e7in www.korgtr.com adresinden temin edilebilir.<\/p>\n<p>&nbsp;<\/p>\n<p>Fiyat 140$<\/p>\n<form action=\"https:\/\/www.paypal.com\/cgi-bin\/webscr\" method=\"post\" target=\"_top\"><input name=\"cmd\" type=\"hidden\" value=\"_s-xclick\" \/><br \/>\n<input name=\"hosted_button_id\" type=\"hidden\" value=\"93RTGUN5GVKB4\" \/><br \/>\n<input alt=\"PayPal - Online \u00f6deme yapman\u0131n daha g\u00fcvenli ve kolay yolu!\" name=\"submit\" src=\"https:\/\/www.paypalobjects.com\/tr_TR\/TR\/i\/btn\/btn_buynowCC_LG.gif\" type=\"image\" \/><br \/>\n<img decoding=\"async\" loading=\"lazy\" src=\"https:\/\/www.paypalobjects.com\/tr_TR\/i\/scr\/pixel.gif\" alt=\"\" width=\"1\" height=\"1\" border=\"0\" \/><\/form>\n","protected":false},"excerpt":{"rendered":"<p>Korg TR10 kodlu MicroSD kart Korg T\u00fcrkiye Distrib\u00fct\u00f6r\u00fc \u00e7at\u0131s\u0131 alt\u0131nda yapm\u0131\u015f oldu\u011fumuz bir SET \u00e7al\u0131\u015fmas\u0131d\u0131r. Bu kart ile www.korgpaturkiye.com adresinden indirmi\u015f oldu\u011funuz Pa600-KorgTR.SET datas\u0131n\u0131n kilit sistemini a\u00e7arak kullanabilmenize yard\u0131mc\u0131 olur. Bu kart i\u00e7erisinde ki datalara haz\u0131rlan\u0131rken(CE)Sound Boards olarak sample data \u00e7al\u0131\u015fmalar\u0131 taraf\u0131m\u0131zdan ilertilmi\u015ftir. Ritm \u00e7al\u0131\u015fmalar\u0131nda sekt\u00f6r\u00fcm\u00fcz\u00fcn \u00f6nemli isimleri projeye desteklerini sunmu\u015flard\u0131r. 82mb boyutunda olan bu [&hellip;]<\/p>\n","protected":false},"author":1,"featured_media":0,"parent":0,"menu_order":0,"comment_status":"open","ping_status":"open","template":"","meta":[],"_links":{"self":[{"href":"https:\/\/www.c-ertac.com\/index.php?rest_route=\/wp\/v2\/pages\/42"}],"collection":[{"href":"https:\/\/www.c-ertac.com\/index.php?rest_route=\/wp\/v2\/pages"}],"about":[{"href":"https:\/\/www.c-ertac.com\/index.php?rest_route=\/wp\/v2\/types\/page"}],"author":[{"embeddable":true,"href":"https:\/\/www.c-ertac.com\/index.php?rest_route=\/wp\/v2\/users\/1"}],"replies":[{"embeddable":true,"href":"https:\/\/www.c-ertac.com\/index.php?rest_route=%2Fwp%2Fv2%2Fcomments&post=42"}],"version-history":[{"count":13,"href":"https:\/\/www.c-ertac.com\/index.php?rest_route=\/wp\/v2\/pages\/42\/revisions"}],"predecessor-version":[{"id":469,"href":"https:\/\/www.c-ertac.com\/index.php?rest_route=\/wp\/v2\/pages\/42\/revisions\/469"}],"wp:attachment":[{"href":"https:\/\/www.c-ertac.com\/index.php?rest_route=%2Fwp%2Fv2%2Fmedia&parent=42"}],"curies":[{"name":"wp","href":"https:\/\/api.w.org\/{rel}","templated":true}]}}