{"id":475,"date":"2017-09-29T15:07:02","date_gmt":"2017-09-29T12:07:02","guid":{"rendered":"http:\/\/www.c-ertac.com\/?page_id=475"},"modified":"2018-06-21T12:37:54","modified_gmt":"2018-06-21T09:37:54","slug":"ce-kross2-exb","status":"publish","type":"page","link":"https:\/\/www.c-ertac.com\/?page_id=475","title":{"rendered":"(CE)-Kross2-exb"},"content":{"rendered":"<p>Korg KROSS 2<\/p>\n<p>Korg Synthsizer serisinin yeni \u00fcyesi<\/p>\n<p>(CE-KROSS2-EXB) Datas\u0131 pek yak\u0131nda kullan\u0131c\u0131lara sunulacak..<\/p>\n<p>Art\u0131k 128mb&#8217;l\u0131k g\u00fc\u00e7l\u00fc sample ram&#8217;i ile \u00a0Bass&amp;Davul performans\u00e7\u0131lar\u0131na e\u015fsiz bir k\u00fct\u00fcphane sunulacak,<br \/>\nayn\u0131 k\u00fct\u00fcphane de g\u00fcncel g\u00fc\u00e7l\u00fc T\u00fcrk enstr\u00fcman sesleri ile ikinci klavye aray\u0131\u015f\u0131n\u0131za olduk\u00e7a uygun bir klavyeye sahip olacaks\u0131n\u0131z.<br \/>\n\u00dcstelik 3.8 Kg&#8217;l\u0131k a\u011f\u0131rl\u0131\u011f\u0131 ile e\u015fsiz ta\u015f\u0131ma kolayl\u0131\u011f\u0131 ise cabas\u0131&#8230;.<\/p>\n<p>Demolar<\/p>\n<p><iframe loading=\"lazy\" src=\"https:\/\/w.soundcloud.com\/player\/?url=https%3A\/\/api.soundcloud.com\/playlists\/539026413&amp;color=%23120c03&amp;auto_play=false&amp;hide_related=false&amp;show_comments=true&amp;show_user=true&amp;show_reposts=false&amp;show_teaser=true\" width=\"100%\" height=\"450\" frameborder=\"no\" scrolling=\"no\"><\/iframe><\/p>\n<p>&nbsp;<\/p>\n","protected":false},"excerpt":{"rendered":"<p>Korg KROSS 2 Korg Synthsizer serisinin yeni \u00fcyesi (CE-KROSS2-EXB) Datas\u0131 pek yak\u0131nda kullan\u0131c\u0131lara sunulacak.. Art\u0131k 128mb&#8217;l\u0131k g\u00fc\u00e7l\u00fc sample ram&#8217;i ile \u00a0Bass&amp;Davul performans\u00e7\u0131lar\u0131na e\u015fsiz bir k\u00fct\u00fcphane sunulacak, ayn\u0131 k\u00fct\u00fcphane de g\u00fcncel g\u00fc\u00e7l\u00fc T\u00fcrk enstr\u00fcman sesleri ile ikinci klavye aray\u0131\u015f\u0131n\u0131za olduk\u00e7a uygun bir klavyeye sahip olacaks\u0131n\u0131z. \u00dcstelik 3.8 Kg&#8217;l\u0131k a\u011f\u0131rl\u0131\u011f\u0131 ile e\u015fsiz ta\u015f\u0131ma kolayl\u0131\u011f\u0131 ise cabas\u0131&#8230;. Demolar [&hellip;]<\/p>\n","protected":false},"author":1,"featured_media":0,"parent":0,"menu_order":0,"comment_status":"closed","ping_status":"closed","template":"","meta":[],"_links":{"self":[{"href":"https:\/\/www.c-ertac.com\/index.php?rest_route=\/wp\/v2\/pages\/475"}],"collection":[{"href":"https:\/\/www.c-ertac.com\/index.php?rest_route=\/wp\/v2\/pages"}],"about":[{"href":"https:\/\/www.c-ertac.com\/index.php?rest_route=\/wp\/v2\/types\/page"}],"author":[{"embeddable":true,"href":"https:\/\/www.c-ertac.com\/index.php?rest_route=\/wp\/v2\/users\/1"}],"replies":[{"embeddable":true,"href":"https:\/\/www.c-ertac.com\/index.php?rest_route=%2Fwp%2Fv2%2Fcomments&post=475"}],"version-history":[{"count":5,"href":"https:\/\/www.c-ertac.com\/index.php?rest_route=\/wp\/v2\/pages\/475\/revisions"}],"predecessor-version":[{"id":489,"href":"https:\/\/www.c-ertac.com\/index.php?rest_route=\/wp\/v2\/pages\/475\/revisions\/489"}],"wp:attachment":[{"href":"https:\/\/www.c-ertac.com\/index.php?rest_route=%2Fwp%2Fv2%2Fmedia&parent=475"}],"curies":[{"name":"wp","href":"https:\/\/api.w.org\/{rel}","templated":true}]}}